{"id":17,"date":"2022-08-19T10:52:35","date_gmt":"2022-08-19T13:52:35","guid":{"rendered":"http:\/\/www.sistemaprogo.com.br\/?page_id=17"},"modified":"2022-08-22T17:36:34","modified_gmt":"2022-08-22T20:36:34","slug":"home","status":"publish","type":"page","link":"https:\/\/www.sistemaprogo.com.br\/","title":{"rendered":"Home"},"content":{"rendered":"<p>[vc_row][vc_column][vc_column_text]<\/p>\n<p style=\"text-align: justify;\">A ProGo une Tecnologia e Desenvolvimento Humano de forma \u00e1gil, inovadora e acess\u00edvel. Nossa paix\u00e3o \u00e9 evoluir a performance de empresas e pessoas por meio digital. Todas as solu\u00e7\u00f5es s\u00e3o 100% online e podem ser acessadas pelo seu cliente, colaborador ou candidato a qualquer momento de qualquer lugar do mundo, sem necessidade de instala\u00e7\u00e3o de software e sem limita\u00e7\u00f5es.<\/p>\n<p>[\/vc_column_text][\/vc_column][\/vc_row][vc_row][vc_column width=&#8221;1\/3&#8243;][vc_single_image image=&#8221;28&#8243; img_size=&#8221;full&#8221; alignment=&#8221;center&#8221;][vc_column_text]<\/p>\n<h5 style=\"text-align: center;\">Avalia\u00e7\u00e3o de Lideran\u00e7a 360\u00ba<\/h5>\n<div class=\"separator clearfix\"><\/div>\n<p style=\"text-align: justify;\">Gest\u00e3o online da avalia\u00e7\u00e3o de desempenho dos colaboradores no cargo, por compet\u00eancias t\u00e9cnicas e comportamentais<\/p>\n<p>[\/vc_column_text][\/vc_column][vc_column width=&#8221;1\/3&#8243;][vc_single_image image=&#8221;30&#8243; img_size=&#8221;full&#8221; alignment=&#8221;center&#8221;][vc_column_text]<\/p>\n<h5 style=\"text-align: center;\">Relat\u00f3rios de Perfil DISC<\/h5>\n<div class=\"separator clearfix\"><\/div>\n<p style=\"text-align: justify;\">Relat\u00f3rios de Gest\u00e3o DISC para avaliar o perfil comportamental dos colaboradores e cruzamento com perfil do cargo.<\/p>\n<p>[\/vc_column_text][\/vc_column][vc_column width=&#8221;1\/3&#8243;][vc_single_image image=&#8221;31&#8243; img_size=&#8221;full&#8221; alignment=&#8221;center&#8221;][vc_column_text]<\/p>\n<h5 style=\"text-align: center;\">Consultoria e Projetos<\/h5>\n<div class=\"separator clearfix\"><\/div>\n<p style=\"text-align: justify;\">Customiza\u00e7\u00f5es, treinamentos e consultorias para ser aplicado nos colaboradores de sua empresa.<\/p>\n<p>[\/vc_column_text][\/vc_column][\/vc_row][vc_row][vc_column][vc_separator][vc_single_image image=&#8221;41&#8243; img_size=&#8221;full&#8221; alignment=&#8221;center&#8221;][vc_column_text]<\/p>\n<h4 class=\"media-heading\">Metodologia DISC<\/h4>\n<p>Com o DISC \u00e9 poss\u00edvel identificar os comportamentos de uma pessoa e traduzi-los em forma de interpreta\u00e7\u00e3o gr\u00e1fica e descritiva. Este<br \/>\nconjunto de caracter\u00edsticas comportamentais de uma pessoa, expressas em forma de interpreta\u00e7\u00e3o gr\u00e1fica e descritiva, \u00e9 chamado de Perfil<br \/>\nComportamental.<\/p>\n<p>Desta forma \u00e9 poss\u00edvel ampliar os horizontes de abordagem ao ser humano. O Perfil Comportamental pode fazer um indiv\u00edduo se despertar<br \/>\npara o alto desempenho pessoal e profissional, uma vez que entende que suas caracter\u00edsticas comportamentais influenciam e moldam o<br \/>\ndesenvolvimento de suas compet\u00eancias.<\/p>\n<p>Sob a \u00f3tica da Gest\u00e3o de Pessoas, o Perfil Comportamental \u00e9 uma ferramenta muito assertiva para promover visibilidade de aspectos<br \/>\nfundamentais que estavam subjetivos e muitas vezes desconhecidos.<\/p>\n<p>Permite novos patamares de efetividade em trabalhos de Lideran\u00e7a,<br \/>\nCoaching, Orienta\u00e7\u00e3o Profissional, Recrutamento e Sele\u00e7\u00e3o, Treinamento e Desenvolvimento, al\u00e9m de tamb\u00e9m ser altamente efetivo para<br \/>\nbusca de Equil\u00edbrio, Prop\u00f3sito, Felicidade e Qualidade de Vida.<\/p>\n<p>A origem deste poderoso instrumento surgiu com o trabalho cient\u00edfico de William Moulton Marston, doutor em Psicologia pela Universidade de<br \/>\nHarvard. Marston foi o criador do DISC e seus fundamentos est\u00e3o descritos no livro As Emo\u00e7\u00f5es das Pessoas Normais.<\/p>\n<p>Para sistematizar suas teorias, William Moulton Marston desenvolveu uma nomenclatura para os quatro tipos comportamentais, utilizando-se de termos autoexplicativos: Domin\u00e2ncia, Influ\u00eancia, Estabilidade e Conformidade, formando com as iniciais em ingl\u00eas, a palavra DISC.<\/p>\n<p>A efetividade do uso deste m\u00e9todo \u00e9 reconhecida por milh\u00f5es de pessoas por todo o mundo. Isto porque, utilizar adequadamente o DISC \u00e9 a<br \/>\nchave para o alto desempenho.<\/p>\n<p>[\/vc_column_text][\/vc_column][\/vc_row]<\/p>\n","protected":false},"excerpt":{"rendered":"<p>[vc_row][vc_column][vc_column_text] A ProGo une Tecnologia e Desenvolvimento Humano de forma \u00e1gil, inovadora e acess\u00edvel. Nossa paix\u00e3o \u00e9 evoluir a performance de empresas e pessoas por meio digital. Todas as solu\u00e7\u00f5es s\u00e3o 100% online e podem ser acessadas pelo seu cliente, colaborador ou candidato a qualquer momento de qualquer lugar do mundo, sem necessidade de instala\u00e7\u00e3o &hellip; <a href=\"https:\/\/www.sistemaprogo.com.br\/\" class=\"more-link\">Continuar lendo <span class=\"screen-reader-text\">Home<\/span><\/a><\/p>\n","protected":false},"author":1,"featured_media":0,"parent":0,"menu_order":0,"comment_status":"closed","ping_status":"closed","template":"","meta":{"footnotes":""},"class_list":["post-17","page","type-page","status-publish","hentry"],"_links":{"self":[{"href":"https:\/\/www.sistemaprogo.com.br\/index.php\/wp-json\/wp\/v2\/pages\/17","targetHints":{"allow":["GET"]}}],"collection":[{"href":"https:\/\/www.sistemaprogo.com.br\/index.php\/wp-json\/wp\/v2\/pages"}],"about":[{"href":"https:\/\/www.sistemaprogo.com.br\/index.php\/wp-json\/wp\/v2\/types\/page"}],"author":[{"embeddable":true,"href":"https:\/\/www.sistemaprogo.com.br\/index.php\/wp-json\/wp\/v2\/users\/1"}],"replies":[{"embeddable":true,"href":"https:\/\/www.sistemaprogo.com.br\/index.php\/wp-json\/wp\/v2\/comments?post=17"}],"version-history":[{"count":15,"href":"https:\/\/www.sistemaprogo.com.br\/index.php\/wp-json\/wp\/v2\/pages\/17\/revisions"}],"predecessor-version":[{"id":43,"href":"https:\/\/www.sistemaprogo.com.br\/index.php\/wp-json\/wp\/v2\/pages\/17\/revisions\/43"}],"wp:attachment":[{"href":"https:\/\/www.sistemaprogo.com.br\/index.php\/wp-json\/wp\/v2\/media?parent=17"}],"curies":[{"name":"wp","href":"https:\/\/api.w.org\/{rel}","templated":true}]}}